{"id":16,"date":"2018-05-02T12:45:38","date_gmt":"2018-05-02T12:45:38","guid":{"rendered":"http:\/\/artpsycho.com\/?page_id=16"},"modified":"2025-11-04T21:09:38","modified_gmt":"2025-11-04T21:09:38","slug":"presentation","status":"publish","type":"page","link":"https:\/\/artpsycho.com\/?page_id=16","title":{"rendered":"Pr\u00e9sentation et Contact"},"content":{"rendered":"<div class=\"row\">\n<div class=\"col-xs-12\">\n<h3><a href=\"https:\/\/artpsycho.com\/\">Dominique SENS, psychologue art-th\u00e9rapeute, superviseur et formateur, c\u00e9ramiste plasticien et docteur en psychologie. Parcours de formation<\/a><\/h3>\n<p>Depuis 2006, j&rsquo;accueille les personnes d\u00e9sireuses d\u2019entreprendre une th\u00e9rapie \u00e0 m\u00e9diation artistique par un dispositif d&rsquo;art-th\u00e9rapie en cabinet lib\u00e9ral. De formation initiale artistique avec un cursus des Beaux-Arts \u00e0 la Saint-Martin\u2019s School of Art de Londres et l&rsquo;obtention du dipl\u00f4me de \u00ab Bachelor of Art \u00bb, je me suis sp\u00e9cialis\u00e9 en sculpture. Par la suite, je me suis form\u00e9 \u00e0 l\u2019art-th\u00e9rapie \u00e0 l\u2019universit\u00e9 Paris 5 Ren\u00e9 Descartes (D.U \u00ab arts en th\u00e9rapie et en psychop\u00e9dagogie \u00bb) puis j&rsquo;ai travaill\u00e9 comme salari\u00e9 en tant qu\u2019art-th\u00e9rapeute dans le milieu associatif du secteur social. Simultan\u00e9ment \u00e0 la formation en art-th\u00e9rapie, j&rsquo;ai \u00e9tudi\u00e9 la psychologie \u00e0 Paris 5. Apr\u00e8s mon dipl\u00f4me de psychologue clinicien, mon int\u00e9r\u00eat pour la recherche m&rsquo;a amen\u00e9 \u00e0 poursuivre en DEA de psychologie et de psychopathologie puis, ensuite, en doctorat \u00e0 Paris 5. Mes exp\u00e9riences professionnelles en institution rel\u00e8vent des domaines vari\u00e9s du handicap mental, du soin en psychiatrie et de l\u2019aide aux personnes en situation de pr\u00e9carit\u00e9 sociale. Dipl\u00f4m\u00e9 en art-th\u00e9rapie depuis 1999, mon activit\u00e9 clinique concerne l\u2019individu ainsi que les groupes th\u00e9rapeutiques \u00e0 m\u00e9diation et le psychodrame individuel psychanalytique.<\/p>\n<p>Tout en ayant une activit\u00e9 d\u2019enseignement universitaire \u00e0 la Facult\u00e9 de Psychologie (Paris 5- Universit\u00e9 de Paris), et ancien co-responsable pour les arts plastiques du Master d&rsquo;art-th\u00e9rapie \u00ab\u00a0Cr\u00e9ation Artistique\u00a0\u00bb Universit\u00e9 PARIS CIT\u00c9, j&rsquo;interviens \u00e9galement comme formateur aupr\u00e8s d\u2019\u00e9quipes soignantes dans les secteurs sanitaires (psychiatrie), \u00e9ducatif ou social. Je propose d&rsquo;accompagner les professionnels en supervision individuelle ou collective. Mes recherches artistiques se sont orient\u00e9es depuis quelques ann\u00e9es vers le modelage et la c\u00e9ramique apr\u00e8s avoir longtemps pratiqu\u00e9 la peinture. Mon travail actuel utilise la c\u00e9ramique pour r\u00e9aliser des installations ou des cr\u00e9ations <em>in situ<\/em> en collaboration avec un danseur.<\/p>\n<\/div>\n<div id=\"carousel-presentation\" class=\"carousel slide col-xs-12\" data-ride=\"carousel\">\n<div class=\"carousel-inner\" role=\"listbox\">\n<div class=\"item active\"><img decoding=\"async\" src=\"https:\/\/artpsycho.com\/wp-content\/uploads\/2018\/05\/Page-_Pr\u00e9sentation_-1-e1526647840790.jpg\" alt=\"...\" \/><\/div>\n<div class=\"item\"><img decoding=\"async\" src=\"https:\/\/artpsycho.com\/wp-content\/uploads\/2018\/05\/Page-_Pr\u00e9sentation_-2-e1526647856411.jpg\" alt=\"...\" \/><\/div>\n<div class=\"item\"><img decoding=\"async\" src=\"https:\/\/artpsycho.com\/wp-content\/uploads\/2018\/05\/Page-_Pr\u00e9sentation_-3-e1526647857684.jpg\" alt=\"...\" \/><\/div>\n<div class=\"item\"><img decoding=\"async\" src=\"https:\/\/artpsycho.com\/wp-content\/uploads\/2018\/05\/Page-_Pr\u00e9sentation_-4-e1526647859611.jpg\" alt=\"...\" \/><\/div>\n<div class=\"item\"><img decoding=\"async\" src=\"https:\/\/artpsycho.com\/wp-content\/uploads\/2018\/05\/Page-_Pr\u00e9sentation_-5-e1526647860175.jpg\" alt=\"...\" \/><\/div>\n<\/div>\n<\/div>\n<div class=\"col-xs-12 text-center\">\n<h6>Dominique SENS<\/h6>\n<p><em>Docteur en psychologie et psychopathologie<\/em><br \/><em>Plasticien, Psychologue clinicien et art-th\u00e9rapeute, formateur et enseignant Universit\u00e9 Paris 5. Ancien co-responsable du Master Cr\u00e9ation Artistique arts plastiques en art-th\u00e9rapie Paris Cit\u00e9<br \/><\/em><\/p>\n<\/div>\n<div class=\"col-md-6 col-xs-12 text-center\">\n<p>3, rue Lecomte<br \/>75017 PARIS<\/p>\n<p><span class=\"info-presentation\">t\u00e9l. : <strong>01 42 26 24 74<\/strong><strong><br \/><\/strong><\/span><\/p>\n<p>adresse e-mail : dominicsens3107@gmail.com<\/p>\n<\/div>\n<div class=\"col-md-6 col-xs-12 text-center\">\n<p>n\u00b0ADELI : 75 93 0964 4 \/ n\u00b0 RPPS : 10008847666<br \/>n\u00b0 SIRET : 494 232 036 00017<br \/>Prestataire de formation : n\u00b0 117548384<br \/>R\u00e9f\u00e9renc\u00e9 DATADOCK : n\u00b0 0044098<\/p>\n<p>Accr\u00e9dit\u00e9 par le SFAT : n\u00b0 135034<\/p>\n<\/div>\n<\/div>\n\n\n<p>\u0152uvres en c\u00e9ramique \u00e0 d\u00e9couvrir sur Instagram :&nbsp;<a href=\"https:\/\/www.instagram.com\/artisteceramist\/\">https:\/\/www.instagram.com\/artisteceramist\/<\/a><\/p>\n\n\n<div class=\"wpforms-container wpforms-container-full\" id=\"wpforms-807\"><form id=\"wpforms-form-807\" class=\"wpforms-validate wpforms-form\" data-formid=\"807\" method=\"post\" enctype=\"multipart\/form-data\" action=\"\/index.php?rest_route=%2Fwp%2Fv2%2Fpages%2F16\" data-token=\"9837025f8fe54e7e344a92f693888d9b\" data-token-time=\"1777401414\"><noscript class=\"wpforms-error-noscript\">Veuillez activer JavaScript dans votre navigateur pour remplir ce formulaire.<\/noscript><div class=\"wpforms-field-container\"><div id=\"wpforms-807-field_1-container\" class=\"wpforms-field wpforms-field-name\" data-field-id=\"1\"><label class=\"wpforms-field-label\" for=\"wpforms-807-field_1\">Votre nom <span class=\"wpforms-required-label\">*<\/span><\/label><input type=\"text\" id=\"wpforms-807-field_1\" class=\"wpforms-field-medium wpforms-field-required\" name=\"wpforms[fields][1]\" required><\/div><div id=\"wpforms-807-field_2-container\" class=\"wpforms-field wpforms-field-email\" data-field-id=\"2\"><label class=\"wpforms-field-label\" for=\"wpforms-807-field_2\">Votre adresse e-mail <span class=\"wpforms-required-label\">*<\/span><\/label><input type=\"email\" id=\"wpforms-807-field_2\" class=\"wpforms-field-medium wpforms-field-required\" name=\"wpforms[fields][2]\" spellcheck=\"false\" required><\/div><div id=\"wpforms-807-field_3-container\" class=\"wpforms-field wpforms-field-text\" data-field-id=\"3\"><label class=\"wpforms-field-label\" for=\"wpforms-807-field_3\">Sujet <span class=\"wpforms-required-label\">*<\/span><\/label><input type=\"text\" id=\"wpforms-807-field_3\" class=\"wpforms-field-medium wpforms-field-required\" name=\"wpforms[fields][3]\" required><\/div><div id=\"wpforms-807-field_4-container\" class=\"wpforms-field wpforms-field-textarea\" data-field-id=\"4\"><label class=\"wpforms-field-label\" for=\"wpforms-807-field_4\">Votre message <span class=\"wpforms-required-label\">*<\/span><\/label><textarea id=\"wpforms-807-field_4\" class=\"wpforms-field-medium wpforms-field-required\" name=\"wpforms[fields][4]\" required><\/textarea><\/div><\/div><!-- .wpforms-field-container --><div class=\"wpforms-recaptcha-container wpforms-is-recaptcha wpforms-is-recaptcha-type-invisible\" ><div class=\"g-recaptcha\" data-sitekey=\"6Ld38-MiAAAAAPzdDgCOO3JNGqJtThEzUglRZlVt\" data-size=\"invisible\"><\/div><\/div><div class=\"wpforms-submit-container\" ><input type=\"hidden\" name=\"wpforms[id]\" value=\"807\"><input type=\"hidden\" name=\"page_title\" value=\"\"><input type=\"hidden\" name=\"page_url\" value=\"https:\/\/artpsycho.com\/index.php?rest_route=\/wp\/v2\/pages\/16\"><input type=\"hidden\" name=\"url_referer\" value=\"\"><button type=\"submit\" name=\"wpforms[submit]\" id=\"wpforms-submit-807\" class=\"wpforms-submit\" data-alt-text=\"Envoi\" data-submit-text=\"Envoi du message\" aria-live=\"assertive\" value=\"wpforms-submit\">Envoi du message<\/button><\/div><\/form><\/div>  <!-- .wpforms-container -->\n","protected":false},"excerpt":{"rendered":"<p>Dominique SENS, psychologue art-th\u00e9rapeute, superviseur et formateur, c\u00e9ramiste plasticien et docteur en psychologie. Parcours de formation Depuis 2006, j&rsquo;accueille les personnes d\u00e9sireuses d\u2019entreprendre une th\u00e9rapie \u00e0 m\u00e9diation artistique par un<\/p>\n","protected":false},"author":1,"featured_media":0,"parent":0,"menu_order":0,"comment_status":"closed","ping_status":"closed","template":"","meta":{"_monsterinsights_skip_tracking":false,"_monsterinsights_sitenote_active":false,"_monsterinsights_sitenote_note":"","_monsterinsights_sitenote_category":0,"footnotes":""},"class_list":["post-16","page","type-page","status-publish","hentry"],"_links":{"self":[{"href":"https:\/\/artpsycho.com\/index.php?rest_route=\/wp\/v2\/pages\/16","targetHints":{"allow":["GET"]}}],"collection":[{"href":"https:\/\/artpsycho.com\/index.php?rest_route=\/wp\/v2\/pages"}],"about":[{"href":"https:\/\/artpsycho.com\/index.php?rest_route=\/wp\/v2\/types\/page"}],"author":[{"embeddable":true,"href":"https:\/\/artpsycho.com\/index.php?rest_route=\/wp\/v2\/users\/1"}],"replies":[{"embeddable":true,"href":"https:\/\/artpsycho.com\/index.php?rest_route=%2Fwp%2Fv2%2Fcomments&post=16"}],"version-history":[{"count":96,"href":"https:\/\/artpsycho.com\/index.php?rest_route=\/wp\/v2\/pages\/16\/revisions"}],"predecessor-version":[{"id":1133,"href":"https:\/\/artpsycho.com\/index.php?rest_route=\/wp\/v2\/pages\/16\/revisions\/1133"}],"wp:attachment":[{"href":"https:\/\/artpsycho.com\/index.php?rest_route=%2Fwp%2Fv2%2Fmedia&parent=16"}],"curies":[{"name":"wp","href":"https:\/\/api.w.org\/{rel}","templated":true}]}}