{"id":7,"date":"2018-05-02T12:38:45","date_gmt":"2018-05-02T12:38:45","guid":{"rendered":"http:\/\/artpsycho.com\/?page_id=7"},"modified":"2026-02-13T09:56:08","modified_gmt":"2026-02-13T09:56:08","slug":"accueil","status":"publish","type":"page","link":"https:\/\/artpsycho.com\/","title":{"rendered":"Accueil"},"content":{"rendered":"<h3><a href=\"https:\/\/artpsycho.com\/arts-psychotherapie\">QU\u2019EST-CE QUE LA PSYCHOTH\u00c9RAPIE AVEC M\u00c9DIATION ARTISTIQUE\u00a0 EN ART-TH\u00c9RAPIE?<\/a><\/h3>\n<h3><a href=\"https:\/\/artpsycho.com\/presentation\">Dominique SENS, psychologue clinicien &#8211; psychoth\u00e9rapeute &amp; art-th\u00e9rapeute, <\/a><a href=\"https:\/\/artpsycho.com\/presentation\">docteur en psychologie, <\/a><a href=\"https:\/\/artpsycho.com\/presentation\">superviseur et formateur, c\u00e9ramiste plasticien.<\/a><\/h3>\n<p>Chaque personne est unique et le suivi se construit ensemble. Les valeurs qui guident mon travail sont celles du respect de la personne (enfant, adolescent, adulte) dans sa dimension psychique, de sa vie priv\u00e9e, de la confidentialit\u00e9 des \u00e9changes. Avant tout, mon approche de l&rsquo;art-th\u00e9rapie se centre sur l&rsquo;\u00e9coute de la personne accueillie. Cr\u00e9\u00e9 en 2006, \u00ab\u00a0Art&amp;Th\u00e9rapie\u00a0\u00bb est un lieu situ\u00e9 dans le 17\u00e8me arrondissement qui accueille des enfants, des adolescents et des adultes pour des psychoth\u00e9rapies \u00e0 m\u00e9diation artistique et des s\u00e9ances d&rsquo;art-th\u00e9rapie du lundi au samedi.<\/p>\n<p>L\u2019art-th\u00e9rapie est un soin fond\u00e9 sur l\u2019utilisation th\u00e9rapeutique du processus de cr\u00e9ation artistique. L\u2019art-th\u00e9rapeute construit un cadre sp\u00e9cifique dans l\u2019objectif d\u2019accompagnement th\u00e9rapeutique et humanitaire d\u2019une personne par l\u2019offre d\u2019une m\u00e9diation plastique. Cette modalit\u00e9 d\u2019implication relationnelle fait de l\u2019art-th\u00e9rapeute un professionnel de la relation de soin. La psychoth\u00e9rapie avec m\u00e9diation artistique en art-th\u00e9rapie s\u2019inscrit dans une approche psychoth\u00e9rapique issue des sciences humaines et s\u2019inspire des connaissances acquises dans le domaine de la psychologie, des sciences de l\u2019\u00e9ducation, de la sociologie et de l\u2019histoire de l\u2019art. En tant que psychoth\u00e9rapie, l\u2019art-th\u00e9rapie donne une place importante \u00e0 la cr\u00e9ativit\u00e9 et l\u2019expression artistique sans n\u00e9gliger pour autant l\u2019expression verbale. L\u2019art-th\u00e9rapie se centre sur le processus de cr\u00e9ation et les processus psychiques qui s\u2019y rattachent.<\/p>\n<div id=\"carousel-accueil-1\" class=\"carousel slide\" data-ride=\"carousel\">\n<div class=\"carousel-inner\" role=\"listbox\">\n<div class=\"item active\"><img decoding=\"async\" src=\"https:\/\/artpsycho.com\/wp-content\/uploads\/2018\/05\/Page-_Accueil_-1-e1526648892485.jpg\" alt=\"art-th\u00e9rapie\" \/><\/div>\n<div class=\"item\"><img decoding=\"async\" src=\"https:\/\/artpsycho.com\/wp-content\/uploads\/2018\/05\/Page-_Accueil_-2-e1526648894643.jpg\" alt=\"...\" \/><\/div>\n<div class=\"item\"><img decoding=\"async\" src=\"https:\/\/artpsycho.com\/wp-content\/uploads\/2018\/05\/Page-_Accueil_-3-e1526648896195.jpg\" alt=\"...\" \/><\/div>\n<div class=\"item\"><img decoding=\"async\" src=\"https:\/\/artpsycho.com\/wp-content\/uploads\/2018\/05\/Page-_Accueil_-4-e1526648897935.jpg\" alt=\"...\" \/><\/div>\n<div class=\"item\"><img decoding=\"async\" src=\"https:\/\/artpsycho.com\/wp-content\/uploads\/2018\/05\/Page-_Accueil_-5-e1526648899283.jpg\" alt=\"...\" \/><\/div>\n<\/div>\n<\/div>\n<h3><a href=\"https:\/\/artpsycho.com\/approche\">Objectif<\/a><\/h3>\n<p>L\u2019objectif de l\u2019art-th\u00e9rapie n\u2019est pas de cr\u00e9er une \u0153uvre artistique mais bien plut\u00f4t de permettre un travail th\u00e9rapeutique \u00e0 partir du mat\u00e9riel plastique et du jeu des associations d\u2019id\u00e9es, des \u00e9motions, des affects, des \u00e9prouv\u00e9s amen\u00e9s par ce mat\u00e9riel.<\/p>\n<h3>Communiquer<\/h3>\n<p>Par ailleurs, comme pour une th\u00e9rapie plus conventionnelle, il s\u2019agit d\u2019un travail prenant en compte l\u2019aspect relationnel entre la personne et le psychoth\u00e9rapeute en tant qu\u2019\u00e9l\u00e9ment d\u00e9terminant de la psychoth\u00e9rapie. Dans le cadre th\u00e9rapeutique, l\u2019\u0153uvre plastique est un objet de m\u00e9diation (une peinture, un dessin, un modelage) consid\u00e9r\u00e9 comme un support \u00e0 la relation th\u00e9rapeutique. Il y a donc en alternance des moments centr\u00e9s sur la production de l\u2019objet faisant appel \u00e0 une communication non verbale et des moments centr\u00e9s sur la communication verbale. Aucun talent artistique ni aucune habilet\u00e9 particuli\u00e8re ne sont requis pour pouvoir b\u00e9n\u00e9ficier pleinement de l\u2019art-th\u00e9rapie.<\/p>\n<h3><a href=\"https:\/\/artpsycho.com\/arts-psychotherapie\">Le cadre<\/a><\/h3>\n<p>Le processus cr\u00e9atif ainsi que l\u2019\u0153uvre produite sont consid\u00e9r\u00e9s davantage pour leur port\u00e9e th\u00e9rapeutique que pour leur valeur esth\u00e9tique sans l\u2019exclure pour autant dans sa dimension signifiante. L\u2019art-th\u00e9rapeute n\u2019est pas un expert cens\u00e9 apporter une technique, il ne se positionne pas comme un enseignant ou un \u00e9ducateur en arts plastiques mais bien comme une personne qui aide une autre personne \u00e0 comprendre sa probl\u00e9matique singuli\u00e8re et ses difficult\u00e9s personnelles gr\u00e2ce au cadre propos\u00e9. Il ne s\u2019agit donc ni d\u2019ergoth\u00e9rapie, ni d\u2019une activit\u00e9 occupationnelle.<\/p>\n<h3><a href=\"https:\/\/artpsycho.com\/presentation\">La formation de l&rsquo;art-th\u00e9rapeute<\/a><\/h3>\n<p>L\u2019art-th\u00e9rapeute, s\u2019il s\u2019inscrit dans une approche de <a href=\"https:\/\/artpsycho.com\/arts-psychotherapie\">psychoth\u00e9rapie<\/a>, doit n\u00e9cessairement avoir une exp\u00e9rience personnelle de celle-ci, s\u2019appuyer sur des connaissances du fonctionnement psychique relevant de m\u00e9thodes scientifiques gr\u00e2ce \u00e0 une <a href=\"https:\/\/artpsycho.com\/presentation\">formation approfondie en psychologie<\/a> (Master ou Doctorat en psychologie clinique ou Doctorat en psychiatrie), pouvoir appr\u00e9hender les processus de cr\u00e9ation en raison de sa connaissance des m\u00e9diations qu\u2019il propose. Pour rappel : La loi du 9 ao\u00fbt 2004 (art. 52) modifi\u00e9e par la loi du 24 juin 2009 (art. 91), et le d\u00e9cret n\u00b02010-534 du 20 mai 2010, r\u00e9glementent l\u2019usage du <strong>titre de psychoth\u00e9rapeute<\/strong> d\u00e9cern\u00e9 aux titulaires d\u2019un doctorat de m\u00e9decine, ou d\u2019un Master 2 de psychopathologie clinique. Le psychologue est tenu d\u2019enregistrer son titre sur la liste ADELI de la pr\u00e9fecture du d\u00e9partement de sa r\u00e9sidence professionnelle (Agence R\u00e9gionale de Sant\u00e9 \u2013 ARS \u2013 d\u00e9l\u00e9gation territoriale d\u00e9partementale)<\/p>\n<h3><a href=\"https:\/\/artpsycho.com\/approche\">A QUI S\u2019ADRESSE CE TYPE DE PSYCHOTH\u00c9RAPIE ?<\/a><\/h3>\n<p>L\u2019indication pour une psychoth\u00e9rapie avec m\u00e9diation artistique concerne tout type de personne et tout type d\u2019\u00e2ge sans discrimination de l\u2019origine ethnique ou culturelle de la personne. Il n\u2019est pas n\u00e9cessaire pour la personne d\u2019avoir une pratique artistique (c\u2019est parfois m\u00eame un frein) ni un savoir-faire sp\u00e9cifique dans un art. L\u2019art-th\u00e9rapie peut \u00eatre une indication tr\u00e8s pertinente pour des personnes peu \u00e0 l\u2019aise dans une relation th\u00e9rapeutique strictement verbale. Par ailleurs, la psychoth\u00e9rapie avec m\u00e9diation artistique a pour objectifs\u00a0 d&rsquo;explorer et de renforcer la cr\u00e9ativit\u00e9 et l\u2019expression de soi dans une vis\u00e9e de maintenir ou d&rsquo;am\u00e9liorer le bien-\u00eatre de la personne.<\/p>\n<h3><a href=\"https:\/\/artpsycho.com\/approche\">D\u00e9ontologie<\/a><\/h3>\n<p>La pratique de la psychoth\u00e9rapie utilisant une m\u00e9diation artistique ne diff\u00e8re en rien du point de vue d\u00e9ontologique des r\u00e8gles appliqu\u00e9es dans le champ de la sant\u00e9 mentale. La r\u00e9f\u00e9rence au Code de d\u00e9ontologie des psychologues guide ma pratique par l\u2019observation des principes suivants : Respect de la personne et de ses droits, respect de ses productions artistiques, Comp\u00e9tence acquise par une formation th\u00e9orique et une pratique approfondie, Responsabilit\u00e9 et Obligation au secret professionnel, Stricte ind\u00e9pendance vis-\u00e0-vis de toute communaut\u00e9 religieuse, philosophique ou politique. Mon approche est r\u00e9gie par le code de d\u00e9ontologie des psychologues <a href=\"http:\/\/www.codededeontologiedespsychologues.fr\/IMG\/pdf\/Code_deontologie_psychologue_9-09-2021.pdf\" target=\"_blank\" rel=\"noopener\">http:\/\/www.codededeontologiedespsychologues.fr\/IMG\/pdf\/Code_deontologie_psychologue_9-09-2021.pdf<\/a>et du code de d\u00e9ontologie de la F\u00e9d\u00e9ration fran\u00e7aise des art-th\u00e9rapeutes <a href=\"https:\/\/syndicat-arts-therapeutes.com\/wp-content\/uploads\/2023\/02\/Code_deontologie_SFAT_2022.pdf\" target=\"_blank\" rel=\"noopener\">https:\/\/syndicat-arts-therapeutes.com\/wp-content\/uploads\/2023\/02\/Code_deontologie_SFAT_2022.pdf<\/a> et par l&rsquo;obligation \u00e9thique d&rsquo;\u00eatre enregistr\u00e9 r\u00e9guli\u00e8rement aupr\u00e8s d&rsquo;un organisme officiel de contr\u00f4le en tant que psychologue (Direction d\u00e9partementale de l\u2019Action Sanitaire et Sociale de Paris sous le n\u00b0ADELI : 75 93 0964 4.)<\/p>\n\n\n<h2 class=\"wp-block-heading\">Comment se rep\u00e9rer dans le monde \u00ab\u00a0Psy\u00a0\u00bb?<\/h2>\n\n\n\n<p>Le ou La <strong>psychologue<\/strong> est une personne professionnelle de la sant\u00e9 mentale titulaire d&rsquo;un Master en psychologie. Le titre de psychologue est r\u00e9glement\u00e9 : <a href=\"https:\/\/www.enseignementsup-recherche.gouv.fr\/fr\/psychologue-une-profession-reglementee-en-france-46456\">https:\/\/www.enseignementsup-recherche.gouv.fr\/fr\/psychologue-une-profession-reglementee-en-france-46456<\/a>. Il ou elle est form\u00e9.e pour effectuer des \u00e9valuations psychologiques, des investigations diagnostiques et \u00e0 conduire des psychoth\u00e9rapies. Le ou la psychologue est tenu.e d\u2019enregistrer son titre sur la liste ADELI de la pr\u00e9fecture du d\u00e9partement de sa r\u00e9sidence professionnelle (Agence R\u00e9gionale de Sant\u00e9 \u2013 ARS \u2013 d\u00e9l\u00e9gation territoriale d\u00e9partementale)<\/p>\n\n\n\n<p>Le ou La <strong>psychiatre<\/strong> est un m\u00e9decin sp\u00e9cialis\u00e9 en psychiatrie, ce qui signifie qu&rsquo;il ou elle a suivi un cursus universitaire en m\u00e9decine avant de se sp\u00e9cialiser dans le domaine des troubles mentaux. En tant que m\u00e9decin, le ou la psychiatre est habilit\u00e9.e \u00e0 poser des diagnostics m\u00e9dicaux, \u00e0 prescrire des traitements m\u00e9dicamenteux et \u00e0 surveiller les effets de ces traitements.<\/p>\n\n\n\n<p>Le ou La <strong>psychoth\u00e9rapeute<\/strong> est une personne sp\u00e9cialis\u00e9e en psychoth\u00e9rapie. Il n\u2019existe pas de dipl\u00f4me de psychoth\u00e9rapeute mais un titre. Une personne peut utiliser le titre de psychoth\u00e9rapeute lorsque sa formation et son exp\u00e9rience r\u00e9pondent aux exigences qui ont \u00e9t\u00e9 fix\u00e9es par d\u00e9cret par l\u2019\u00c9tat en 2010 :<a href=\"https:\/\/www.legifrance.gouv.fr\/loda\/id\/JORFTEXT000022244482\">https:\/\/www.legifrance.gouv.fr\/loda\/id\/JORFTEXT000022244482<\/a>. Sp\u00e9cialis\u00e9.e en psychoth\u00e9rapie, le ou la psychoth\u00e9rapeute peut \u00eatre psychiatre, m\u00e9decin non-psychiatre, psychologue ou psychanalyste (\u00e0 condition de d\u00e9tenir un master), ayant compl\u00e9t\u00e9 si n\u00e9cessaire sa formation initiale. Le ou la psychoth\u00e9rapeute est tenu.e d\u2019enregistrer son titre sur la liste ADELI de la pr\u00e9fecture du d\u00e9partement de sa r\u00e9sidence professionnelle (Agence R\u00e9gionale de Sant\u00e9 \u2013 ARS \u2013 d\u00e9l\u00e9gation territoriale d\u00e9partementale).<\/p>\n\n\n\n<p>Le ou La <strong>psychopraticien.ne<\/strong> intervient dans le domaine du soin psychique sans \u00eatre psychologue, psychoth\u00e9rapeute ou psychiatre. Psychopraticien est une d\u00e9nomination qui n\u2019est pas r\u00e9glement\u00e9e. Les professionnels.lles qui l\u2019utilisent ont g\u00e9n\u00e9ralement suivi une formation \u00e0 une m\u00e9thode de th\u00e9rapie dans un institut priv\u00e9. Les psychopraticiens ou psychopraticiennes ne sont pas reconnus.es par l&rsquo;\u00c9tat. Il est donc important de se renseigner sur la formation et l\u2019approche du psychopraticien ou psychopraticienne avant de commencer une th\u00e9rapie.<\/p>\n\n\n\n<p><strong>Th\u00e9rapeute<\/strong> est un nom qui d\u00e9signe l\u2019ensemble des soignants. Il est souvent utilis\u00e9, dans le langage courant, comme synonyme de psychoth\u00e9rapeute alors que ce titre est r\u00e9glement\u00e9. Il ne correspond \u00e0 aucun dipl\u00f4me ni \u00e0 aucune comp\u00e9tence pr\u00e9cise.<\/p>\n\n\n\n<p><strong>Art-th\u00e9rapeute<\/strong> n\u2019est pas un titre prot\u00e9g\u00e9 et n\u2019est donc pas officiellement une profession de sant\u00e9. Il n\u2019existe pas de dipl\u00f4me obligatoire pour l\u2019exercer. Cependant l\u2019art-th\u00e9rapeute peut avoir obtenu un Dipl\u00f4me Universitaire (D.U) en Art-th\u00e9rapie ou un Master en Cr\u00e9ation artistique sp\u00e9cialis\u00e9 en m\u00e9diation artistique \u00e0 l\u2019Universit\u00e9 Paris Cit\u00e9 ou encore un Certificat d\u2019art-th\u00e9rapeute enregistr\u00e9 au R\u00e9pertoire national des certifications professionnelles (RNCP). Les formations figurant dans ce R\u00e9pertoire r\u00e9pondent \u00e0 des crit\u00e8res de qualit\u00e9 d\u00e9finis par l\u2019\u00c9tat. Il est donc important de se renseigner sur la formation, sa formation artistique et l\u2019approche de l\u2019art-th\u00e9rapeute avant de commencer une art-th\u00e9rapie. <strong>Un.e art-th\u00e9rapeute est un.e professionnel.le du soin et de la relation qui poss\u00e8de une solide exp\u00e9rience artistique. Il ne suffit pas d&rsquo;\u00eatre psychiatre, psychologue, psychoth\u00e9rapeute pour revendiquer cette comp\u00e9tence sp\u00e9ciale.<\/strong> <\/p>\n","protected":false},"excerpt":{"rendered":"<p>QU\u2019EST-CE QUE LA PSYCHOTH\u00c9RAPIE AVEC M\u00c9DIATION ARTISTIQUE\u00a0 EN ART-TH\u00c9RAPIE? Dominique SENS, psychologue clinicien &#8211; psychoth\u00e9rapeute &amp; art-th\u00e9rapeute, docteur en psychologie, superviseur et formateur, c\u00e9ramiste plasticien. Chaque personne est unique et<\/p>\n","protected":false},"author":1,"featured_media":0,"parent":0,"menu_order":0,"comment_status":"closed","ping_status":"closed","template":"","meta":{"_monsterinsights_skip_tracking":false,"_monsterinsights_sitenote_active":false,"_monsterinsights_sitenote_note":"","_monsterinsights_sitenote_category":0,"footnotes":""},"class_list":["post-7","page","type-page","status-publish","hentry"],"_links":{"self":[{"href":"https:\/\/artpsycho.com\/index.php?rest_route=\/wp\/v2\/pages\/7","targetHints":{"allow":["GET"]}}],"collection":[{"href":"https:\/\/artpsycho.com\/index.php?rest_route=\/wp\/v2\/pages"}],"about":[{"href":"https:\/\/artpsycho.com\/index.php?rest_route=\/wp\/v2\/types\/page"}],"author":[{"embeddable":true,"href":"https:\/\/artpsycho.com\/index.php?rest_route=\/wp\/v2\/users\/1"}],"replies":[{"embeddable":true,"href":"https:\/\/artpsycho.com\/index.php?rest_route=%2Fwp%2Fv2%2Fcomments&post=7"}],"version-history":[{"count":80,"href":"https:\/\/artpsycho.com\/index.php?rest_route=\/wp\/v2\/pages\/7\/revisions"}],"predecessor-version":[{"id":1135,"href":"https:\/\/artpsycho.com\/index.php?rest_route=\/wp\/v2\/pages\/7\/revisions\/1135"}],"wp:attachment":[{"href":"https:\/\/artpsycho.com\/index.php?rest_route=%2Fwp%2Fv2%2Fmedia&parent=7"}],"curies":[{"name":"wp","href":"https:\/\/api.w.org\/{rel}","templated":true}]}}